{"id":30,"date":"2019-10-07T15:49:30","date_gmt":"2019-10-07T13:49:30","guid":{"rendered":"http:\/\/rtenergy.be\/?page_id=30"},"modified":"2026-01-22T15:29:56","modified_gmt":"2026-01-22T14:29:56","slug":"a-propos","status":"publish","type":"page","link":"https:\/\/rtenergy.be\/index.php\/a-propos\/","title":{"rendered":"\u00c0 propos"},"content":{"rendered":"\n<p><\/p>\n\n\n\n<p><\/p>\n\n\n\n<div style=\"height:38px\" aria-hidden=\"true\" class=\"wp-block-spacer\"><\/div>\n\n\n\n<center><h2>\u00c0 propos<\/h2><\/center>\n\n\n\n<h5 class=\"wp-block-heading\">Active dans les domaines du chauffage, plomberie, sanitaire, et \u00e9nergies renouvelables depuis 2009, RT Energy, fond\u00e9e et g\u00e9r\u00e9e par Thibaut Roelofs, est une soci\u00e9t\u00e9 dont les valeurs principales sont la rigueur, l\u2019excellence, et la proximit\u00e9.<\/h5>\n\n\n\n<p>Agr\u00e9\u00e9 par la r\u00e9gion Bruxelloise, la r\u00e9gion Wallonne et la r\u00e9gion Flamande en tant que technicien chauffage PEB G1 et en tant que conseiller chauffage PEB de Type 1, RT Energy vous accompagne dans tout le processus de conseil, installation, entretien ainsi que la r\u00e9paration de votre syst\u00e8me de chauffage.<\/p>\n\n\n\n<p>Nos services s\u2019\u00e9tendent \u00e9galement sur le domaine de la plomberie, le sanitaire, avec une promesse de travail de haute qualit\u00e9, et pour tous types et gammes de sanitaires.<\/p>\n\n\n\n<p>Nous proposons \u00e9galement un service d&#8217;audit et de conseil technique habitat. Ce service s&#8217;adresse aux particuliers souhaitant une analyse objective et ind\u00e9pendante de leur logement, que ce soit dans le cadre d&#8217;un projet de r\u00e9novation, d&#8217;optimisation \u00e9nerg\u00e9tique, d&#8217;un achat immobilier ou pour r\u00e9soudre des probl\u00e9matiques techniques existantes. L&#8217; audit permet d&#8217;\u00e9valuer l&#8217;\u00e9tat des installations (chauffage, sanitaire, plomberie, ventilation, performances \u00e9nerg\u00e9tiques), d&#8217;identifier les points d&#8217;am\u00e9lioration et de formuler des recommandations techniques claires, prioris\u00e9es et adapt\u00e9es \u00e0 votre budget et \u00e0 vos objectifs.<\/p>\n\n\n\n<p>Pour toute information concernant nos services et nos tarifs, veuillez prendre contact avec nous par t\u00e9l\u00e9phone, par email, ou via le formulaire de contact de notre site web.<\/p>\n","protected":false},"excerpt":{"rendered":"<p>\u00c0 propos Active dans les domaines du chauffage, plomberie, sanitaire, et \u00e9nergies renouvelables depuis 2009, RT Energy, fond\u00e9e et g\u00e9r\u00e9e par Thibaut Roelofs, est une soci\u00e9t\u00e9 dont les valeurs principales sont la rigueur, l\u2019excellence, et la proximit\u00e9. Agr\u00e9\u00e9 par la r\u00e9gion Bruxelloise, la r\u00e9gion Wallonne et la r\u00e9gion Flamande en tant que technicien chauffage PEB [&hellip;]<\/p>\n","protected":false},"author":1,"featured_media":0,"parent":0,"menu_order":0,"comment_status":"closed","ping_status":"closed","template":"","meta":{"footnotes":""},"_links":{"self":[{"href":"https:\/\/rtenergy.be\/index.php\/wp-json\/wp\/v2\/pages\/30"}],"collection":[{"href":"https:\/\/rtenergy.be\/index.php\/wp-json\/wp\/v2\/pages"}],"about":[{"href":"https:\/\/rtenergy.be\/index.php\/wp-json\/wp\/v2\/types\/page"}],"author":[{"embeddable":true,"href":"https:\/\/rtenergy.be\/index.php\/wp-json\/wp\/v2\/users\/1"}],"replies":[{"embeddable":true,"href":"https:\/\/rtenergy.be\/index.php\/wp-json\/wp\/v2\/comments?post=30"}],"version-history":[{"count":16,"href":"https:\/\/rtenergy.be\/index.php\/wp-json\/wp\/v2\/pages\/30\/revisions"}],"predecessor-version":[{"id":219,"href":"https:\/\/rtenergy.be\/index.php\/wp-json\/wp\/v2\/pages\/30\/revisions\/219"}],"wp:attachment":[{"href":"https:\/\/rtenergy.be\/index.php\/wp-json\/wp\/v2\/media?parent=30"}],"curies":[{"name":"wp","href":"https:\/\/api.w.org\/{rel}","templated":true}]}}